{"id":7,"date":"2015-07-29T16:32:29","date_gmt":"2015-07-29T15:32:29","guid":{"rendered":"http:\/\/www.pharmaciedujorat.ch\/wordpress\/?page_id=7"},"modified":"2026-01-30T12:01:38","modified_gmt":"2026-01-30T10:01:38","slug":"accueil","status":"publish","type":"page","link":"https:\/\/www.pharmaciedujorat.ch\/","title":{"rendered":"Votre sant\u00e9 avant tout !"},"content":{"rendered":"\n<figure class=\"wp-block-image size-large\"><img loading=\"lazy\" decoding=\"async\" width=\"640\" height=\"480\" src=\"http:\/\/www.pharmaciedujorat.ch\/wp-content\/uploads\/2015\/07\/pharma_001.jpg\" alt=\"\" class=\"wp-image-31\" srcset=\"https:\/\/www.pharmaciedujorat.ch\/wp-content\/uploads\/2015\/07\/pharma_001.jpg 640w, https:\/\/www.pharmaciedujorat.ch\/wp-content\/uploads\/2015\/07\/pharma_001-300x225.jpg 300w\" sizes=\"auto, (max-width: 640px) 100vw, 640px\" \/><figcaption class=\"wp-element-caption\">Bienvenue \u00e0 la pharmacie du Jorat !<\/figcaption><\/figure>\n\n\n\n<p>La pharmacie du Jorat a \u00e9t\u00e9 fond\u00e9e \u00e0 M\u00e9zi\u00e8res en ao\u00fbt 1970 par le Dr&nbsp;Alain et Claire-Lise Mack, tous deux pharmaciens. Elle a \u00e9t\u00e9 reprise le 1<sup>er<\/sup>&nbsp;mai 2000 par leur fils David Mack, pharmacien lui aussi. Cette pharmacie familiale est situ\u00e9e dans le <a href=\"https:\/\/www.pharmaciedujorat.ch\/index.php\/accueil\/centre-medical\/\">Centre m\u00e9dical du Jorat<\/a>, qui comporte aussi trois cabinets m\u00e9dicaux, un cabinet dentaire et un institut de physioth\u00e9rapie. Les diff\u00e9rents services de sant\u00e9 sont ainsi regroup\u00e9s en un seul endroit au service de la population.<\/p>\n\n\n\n<p>La pharmacie du Jorat, comme toutes les pharmacies, a pour vocation la d\u00e9livrance des m\u00e9dicaments dans le souci de l\u2019am\u00e9lioration de la sant\u00e9 et du confort des patients. Mais elle offre aussi divers <a href=\"http:\/\/www.pharmaciedujorat.ch\/index.php\/nos-produits\/nos-services\/\">services<\/a>, tels que la vaccination, la location d\u2019appareils m\u00e9dicaux, la prise de tension, etc\u2026<\/p>\n\n\n\n<p>Un <a href=\"https:\/\/www.pharmaciedujorat.ch\/index.php\/livraisons\/\">service de livraison<\/a> est aussi \u00e0 disposition pour les personnes qui ne peuvent se d\u00e9placer.<\/p>\n\n\n\n<p><a href=\"https:\/\/www.pharmaciedujorat.ch\/index.php\/infos-pratiques\/service-de-garde\/\">Num\u00e9ros d&rsquo;urgence<\/a><\/p>\n\n\n\n<figure class=\"wp-block-image size-full\"><a href=\"https:\/\/www.diabetes-care.ch\/fr\/\" target=\"_blank\" rel=\" noreferrer noopener\"><img loading=\"lazy\" decoding=\"async\" width=\"394\" height=\"159\" src=\"https:\/\/www.pharmaciedujorat.ch\/wp-content\/uploads\/2026\/01\/healthpro_logo_axapharm-Blau_100dpi.png\" alt=\"\" class=\"wp-image-1688\" srcset=\"https:\/\/www.pharmaciedujorat.ch\/wp-content\/uploads\/2026\/01\/healthpro_logo_axapharm-Blau_100dpi.png 394w, https:\/\/www.pharmaciedujorat.ch\/wp-content\/uploads\/2026\/01\/healthpro_logo_axapharm-Blau_100dpi-300x121.png 300w\" sizes=\"auto, (max-width: 394px) 100vw, 394px\" \/><\/a><\/figure>\n\n\n\n<p><\/p>\n","protected":false},"excerpt":{"rendered":"<p>La pharmacie du Jorat a \u00e9t\u00e9 fond\u00e9e \u00e0 M\u00e9zi\u00e8res en ao\u00fbt 1970 par le Dr&nbsp;Alain et Claire-Lise Mack, tous deux pharmaciens. Elle a \u00e9t\u00e9 reprise le 1er&nbsp;mai 2000 par leur fils David Mack, pharmacien lui aussi. Cette pharmacie familiale est situ\u00e9e dans le Centre m\u00e9dical du Jorat, qui comporte aussi trois cabinets m\u00e9dicaux, un cabinet&hellip; <a class=\"more-link\" href=\"https:\/\/www.pharmaciedujorat.ch\/\">Poursuivre la lecture <span class=\"screen-reader-text\">Votre sant\u00e9 avant tout !<\/span><\/a><\/p>\n","protected":false},"author":1,"featured_media":0,"parent":0,"menu_order":0,"comment_status":"closed","ping_status":"open","template":"","meta":{"footnotes":""},"class_list":["post-7","page","type-page","status-publish","hentry","entry"],"publishpress_future_action":{"enabled":false,"date":"2026-05-24 06:58:09","action":"change-status","newStatus":"draft","terms":[],"taxonomy":"","extraData":[]},"publishpress_future_workflow_manual_trigger":{"enabledWorkflows":[]},"_links":{"self":[{"href":"https:\/\/www.pharmaciedujorat.ch\/index.php\/wp-json\/wp\/v2\/pages\/7","targetHints":{"allow":["GET"]}}],"collection":[{"href":"https:\/\/www.pharmaciedujorat.ch\/index.php\/wp-json\/wp\/v2\/pages"}],"about":[{"href":"https:\/\/www.pharmaciedujorat.ch\/index.php\/wp-json\/wp\/v2\/types\/page"}],"author":[{"embeddable":true,"href":"https:\/\/www.pharmaciedujorat.ch\/index.php\/wp-json\/wp\/v2\/users\/1"}],"replies":[{"embeddable":true,"href":"https:\/\/www.pharmaciedujorat.ch\/index.php\/wp-json\/wp\/v2\/comments?post=7"}],"version-history":[{"count":33,"href":"https:\/\/www.pharmaciedujorat.ch\/index.php\/wp-json\/wp\/v2\/pages\/7\/revisions"}],"predecessor-version":[{"id":1692,"href":"https:\/\/www.pharmaciedujorat.ch\/index.php\/wp-json\/wp\/v2\/pages\/7\/revisions\/1692"}],"wp:attachment":[{"href":"https:\/\/www.pharmaciedujorat.ch\/index.php\/wp-json\/wp\/v2\/media?parent=7"}],"curies":[{"name":"wp","href":"https:\/\/api.w.org\/{rel}","templated":true}]}}