{"id":694,"date":"2018-03-05T18:33:41","date_gmt":"2018-03-05T16:33:41","guid":{"rendered":"http:\/\/www.pharmaciedujorat.ch\/?page_id=694"},"modified":"2018-03-05T18:52:05","modified_gmt":"2018-03-05T16:52:05","slug":"vaccination-en-pharmacie","status":"publish","type":"page","link":"https:\/\/www.pharmaciedujorat.ch\/index.php\/nos-produits\/nos-services\/vaccination-en-pharmacie\/","title":{"rendered":"Vaccination en pharmacie"},"content":{"rendered":"<p>Les pharmaciens sont autoris\u00e9s \u00e0 pratiquer des vaccinations sur les adultes\u00a0dans le canton de Vaud.<\/p>\n<p>Actuellement, les vaccins suivants sont concern\u00e9s :<\/p>\n<ul>\n<li>grippe<\/li>\n<li>enc\u00e9phalite \u00e0 tiques<\/li>\n<li>h\u00e9patites A et B (2e dose)<\/li>\n<li>rougeole, oreillon, rub\u00e9ole (ROR)<\/li>\n<\/ul>\n<p>Nous vous offrons cette prestation au prix de CHF 30.00.<\/p>\n","protected":false},"excerpt":{"rendered":"<p>Les pharmaciens sont autoris\u00e9s \u00e0 pratiquer des vaccinations sur les adultes\u00a0dans le canton de Vaud. Actuellement, les vaccins suivants sont concern\u00e9s : grippe enc\u00e9phalite \u00e0 tiques h\u00e9patites A et B (2e dose) rougeole, oreillon, rub\u00e9ole (ROR) Nous vous offrons cette prestation au prix de CHF 30.00.<\/p>\n","protected":false},"author":1,"featured_media":0,"parent":268,"menu_order":0,"comment_status":"closed","ping_status":"closed","template":"","meta":{"footnotes":""},"class_list":["post-694","page","type-page","status-publish","hentry","entry"],"publishpress_future_action":{"enabled":false,"date":"2026-05-06 21:47:51","action":"change-status","newStatus":"draft","terms":[],"taxonomy":"","extraData":[]},"publishpress_future_workflow_manual_trigger":{"enabledWorkflows":[]},"_links":{"self":[{"href":"https:\/\/www.pharmaciedujorat.ch\/index.php\/wp-json\/wp\/v2\/pages\/694","targetHints":{"allow":["GET"]}}],"collection":[{"href":"https:\/\/www.pharmaciedujorat.ch\/index.php\/wp-json\/wp\/v2\/pages"}],"about":[{"href":"https:\/\/www.pharmaciedujorat.ch\/index.php\/wp-json\/wp\/v2\/types\/page"}],"author":[{"embeddable":true,"href":"https:\/\/www.pharmaciedujorat.ch\/index.php\/wp-json\/wp\/v2\/users\/1"}],"replies":[{"embeddable":true,"href":"https:\/\/www.pharmaciedujorat.ch\/index.php\/wp-json\/wp\/v2\/comments?post=694"}],"version-history":[{"count":2,"href":"https:\/\/www.pharmaciedujorat.ch\/index.php\/wp-json\/wp\/v2\/pages\/694\/revisions"}],"predecessor-version":[{"id":696,"href":"https:\/\/www.pharmaciedujorat.ch\/index.php\/wp-json\/wp\/v2\/pages\/694\/revisions\/696"}],"up":[{"embeddable":true,"href":"https:\/\/www.pharmaciedujorat.ch\/index.php\/wp-json\/wp\/v2\/pages\/268"}],"wp:attachment":[{"href":"https:\/\/www.pharmaciedujorat.ch\/index.php\/wp-json\/wp\/v2\/media?parent=694"}],"curies":[{"name":"wp","href":"https:\/\/api.w.org\/{rel}","templated":true}]}}