{"id":488,"date":"2016-05-27T14:11:52","date_gmt":"2016-05-27T12:11:52","guid":{"rendered":"http:\/\/www.pharmaciedujorat.ch\/?page_id=488"},"modified":"2022-05-17T08:50:55","modified_gmt":"2022-05-17T06:50:55","slug":"entretien-conseil-fleurs-de-bach","status":"publish","type":"page","link":"https:\/\/www.pharmaciedujorat.ch\/index.php\/nos-produits\/nos-services\/entretien-conseil-fleurs-de-bach\/","title":{"rendered":"Entretien conseil Fleurs de Bach"},"content":{"rendered":"\n<h4 class=\"wp-block-heading\">Stress, d\u00e9prime, impatience, angoisse, \u00e9motivit\u00e9&#8230;?<\/h4>\n\n\n\n<div class=\"wp-block-image\"><figure class=\"alignleft\"><a href=\"http:\/\/www.pharmaciedujorat.ch\/wp-content\/uploads\/2016\/05\/found1.jpg\"><img loading=\"lazy\" decoding=\"async\" width=\"230\" height=\"300\" src=\"http:\/\/www.pharmaciedujorat.ch\/wp-content\/uploads\/2016\/05\/found1-230x300.jpg\" alt=\"found[1]\" class=\"wp-image-533\" srcset=\"https:\/\/www.pharmaciedujorat.ch\/wp-content\/uploads\/2016\/05\/found1-230x300.jpg 230w, https:\/\/www.pharmaciedujorat.ch\/wp-content\/uploads\/2016\/05\/found1.jpg 302w\" sizes=\"auto, (max-width: 230px) 100vw, 230px\" \/><\/a><\/figure><\/div>\n\n\n\n<p>A la Pharmacie, nous vous proposons un entretien personnalis\u00e9 en Fleurs de Bach afin de vous proposer un m\u00e9lange adapt\u00e9 \u00e0 votre situation.<\/p>\n\n\n\n<h4 class=\"wp-block-heading\">&nbsp;<\/h4>\n\n\n\n<h5 class=\"wp-block-heading\">Prix : Fr 29.- + la pr\u00e9paration (12.- \u00e0 18.-)<\/h5>\n\n\n\n<h5 class=\"wp-block-heading\">Dur\u00e9e : 30 minutes<\/h5>\n\n\n\n<p>Merci de prendre rendez-vous au 021 903 02 60 ou en cliquant <a href=\"https:\/\/pharmonline.ch\/fr\/pharmacies\/333-Pharmacie-du-Jorat\/9-Consultation-fleurs-de-Bach\">ici<\/a>.<\/p>\n","protected":false},"excerpt":{"rendered":"<p>Stress, d\u00e9prime, impatience, angoisse, \u00e9motivit\u00e9&#8230;? A la Pharmacie, nous vous proposons un entretien personnalis\u00e9 en Fleurs de Bach afin de vous proposer un m\u00e9lange adapt\u00e9 \u00e0 votre situation. &nbsp; Prix : Fr 29.- + la pr\u00e9paration (12.- \u00e0 18.-) Dur\u00e9e : 30 minutes Merci de prendre rendez-vous au 021 903 02 60 ou en cliquant&hellip; <a class=\"more-link\" href=\"https:\/\/www.pharmaciedujorat.ch\/index.php\/nos-produits\/nos-services\/entretien-conseil-fleurs-de-bach\/\">Poursuivre la lecture <span class=\"screen-reader-text\">Entretien conseil Fleurs de Bach<\/span><\/a><\/p>\n","protected":false},"author":2,"featured_media":0,"parent":268,"menu_order":0,"comment_status":"closed","ping_status":"closed","template":"","meta":{"footnotes":""},"class_list":["post-488","page","type-page","status-publish","hentry","entry"],"publishpress_future_action":{"enabled":false,"date":"2026-05-19 14:30:14","action":"change-status","newStatus":"draft","terms":[],"taxonomy":"","extraData":[]},"publishpress_future_workflow_manual_trigger":{"enabledWorkflows":[]},"_links":{"self":[{"href":"https:\/\/www.pharmaciedujorat.ch\/index.php\/wp-json\/wp\/v2\/pages\/488","targetHints":{"allow":["GET"]}}],"collection":[{"href":"https:\/\/www.pharmaciedujorat.ch\/index.php\/wp-json\/wp\/v2\/pages"}],"about":[{"href":"https:\/\/www.pharmaciedujorat.ch\/index.php\/wp-json\/wp\/v2\/types\/page"}],"author":[{"embeddable":true,"href":"https:\/\/www.pharmaciedujorat.ch\/index.php\/wp-json\/wp\/v2\/users\/2"}],"replies":[{"embeddable":true,"href":"https:\/\/www.pharmaciedujorat.ch\/index.php\/wp-json\/wp\/v2\/comments?post=488"}],"version-history":[{"count":5,"href":"https:\/\/www.pharmaciedujorat.ch\/index.php\/wp-json\/wp\/v2\/pages\/488\/revisions"}],"predecessor-version":[{"id":1363,"href":"https:\/\/www.pharmaciedujorat.ch\/index.php\/wp-json\/wp\/v2\/pages\/488\/revisions\/1363"}],"up":[{"embeddable":true,"href":"https:\/\/www.pharmaciedujorat.ch\/index.php\/wp-json\/wp\/v2\/pages\/268"}],"wp:attachment":[{"href":"https:\/\/www.pharmaciedujorat.ch\/index.php\/wp-json\/wp\/v2\/media?parent=488"}],"curies":[{"name":"wp","href":"https:\/\/api.w.org\/{rel}","templated":true}]}}