{"id":476,"date":"2016-05-26T09:41:37","date_gmt":"2016-05-26T07:41:37","guid":{"rendered":"http:\/\/www.pharmaciedujorat.ch\/?page_id=476"},"modified":"2016-05-26T09:41:37","modified_gmt":"2016-05-26T07:41:37","slug":"test-de-glycemie","status":"publish","type":"page","link":"https:\/\/www.pharmaciedujorat.ch\/index.php\/nos-produits\/nos-services\/test-de-glycemie\/","title":{"rendered":"Test de glyc\u00e9mie"},"content":{"rendered":"<h5>Connaissez-vous votre glyc\u00e9mie?<\/h5>\n<p>A la pharmacie, nous vous proposons une analyse afin d&rsquo;\u00e9valuer votre glyc\u00e9mie (taux de sucre dans le sang).\u00a0 Ce test est rapide et se fait\u00a0par pr\u00e9l\u00e8vement d&rsquo;une goutte de\u00a0sang au bout du doigt.<\/p>\n<p>Cette analyse co\u00fbte Fr. 15.-<\/p>\n<p>9403918\/ Fr. 15.-<\/p>\n","protected":false},"excerpt":{"rendered":"<p>Connaissez-vous votre glyc\u00e9mie? A la pharmacie, nous vous proposons une analyse afin d&rsquo;\u00e9valuer votre glyc\u00e9mie (taux de sucre dans le sang).\u00a0 Ce test est rapide et se fait\u00a0par pr\u00e9l\u00e8vement d&rsquo;une goutte de\u00a0sang au bout du doigt. Cette analyse co\u00fbte Fr. 15.- 9403918\/ Fr. 15.-<\/p>\n","protected":false},"author":2,"featured_media":0,"parent":268,"menu_order":0,"comment_status":"closed","ping_status":"closed","template":"","meta":{"footnotes":""},"class_list":["post-476","page","type-page","status-publish","hentry","entry"],"publishpress_future_action":{"enabled":false,"date":"2026-04-28 14:50:15","action":"change-status","newStatus":"draft","terms":[],"taxonomy":"","extraData":[]},"publishpress_future_workflow_manual_trigger":{"enabledWorkflows":[]},"_links":{"self":[{"href":"https:\/\/www.pharmaciedujorat.ch\/index.php\/wp-json\/wp\/v2\/pages\/476","targetHints":{"allow":["GET"]}}],"collection":[{"href":"https:\/\/www.pharmaciedujorat.ch\/index.php\/wp-json\/wp\/v2\/pages"}],"about":[{"href":"https:\/\/www.pharmaciedujorat.ch\/index.php\/wp-json\/wp\/v2\/types\/page"}],"author":[{"embeddable":true,"href":"https:\/\/www.pharmaciedujorat.ch\/index.php\/wp-json\/wp\/v2\/users\/2"}],"replies":[{"embeddable":true,"href":"https:\/\/www.pharmaciedujorat.ch\/index.php\/wp-json\/wp\/v2\/comments?post=476"}],"version-history":[{"count":1,"href":"https:\/\/www.pharmaciedujorat.ch\/index.php\/wp-json\/wp\/v2\/pages\/476\/revisions"}],"predecessor-version":[{"id":477,"href":"https:\/\/www.pharmaciedujorat.ch\/index.php\/wp-json\/wp\/v2\/pages\/476\/revisions\/477"}],"up":[{"embeddable":true,"href":"https:\/\/www.pharmaciedujorat.ch\/index.php\/wp-json\/wp\/v2\/pages\/268"}],"wp:attachment":[{"href":"https:\/\/www.pharmaciedujorat.ch\/index.php\/wp-json\/wp\/v2\/media?parent=476"}],"curies":[{"name":"wp","href":"https:\/\/api.w.org\/{rel}","templated":true}]}}