{"id":40,"date":"2015-07-29T17:52:53","date_gmt":"2015-07-29T15:52:53","guid":{"rendered":"http:\/\/www.pharmaciedujorat.ch\/wordpress\/?page_id=40"},"modified":"2020-05-06T17:12:49","modified_gmt":"2020-05-06T15:12:49","slug":"infos-du-pharmacien","status":"publish","type":"page","link":"https:\/\/www.pharmaciedujorat.ch\/index.php\/infos-du-pharmacien\/","title":{"rendered":"Infos du pharmacien"},"content":{"rendered":"\n<div class=\"wp-block-media-text alignwide is-stacked-on-mobile\"><figure class=\"wp-block-media-text__media\"><img loading=\"lazy\" decoding=\"async\" width=\"300\" height=\"225\" src=\"http:\/\/www.pharmaciedujorat.ch\/wp-content\/uploads\/2015\/07\/pharma_004-300x225.jpg\" alt=\"Entr\u00e9e de la pharmacie\" class=\"wp-image-41\" srcset=\"https:\/\/www.pharmaciedujorat.ch\/wp-content\/uploads\/2015\/07\/pharma_004-300x225.jpg 300w, https:\/\/www.pharmaciedujorat.ch\/wp-content\/uploads\/2015\/07\/pharma_004.jpg 640w\" sizes=\"auto, (max-width: 300px) 100vw, 300px\" \/><\/figure><div class=\"wp-block-media-text__content\">\n<p>Votre pharmacien vous donne ici quelques informations sur les <a href=\"http:\/\/www.pharmaciedujorat.ch\/index.php\/infos-du-pharmacien\/generiques\/\">g\u00e9n\u00e9riques<\/a>, les <a href=\"http:\/\/www.pharmaciedujorat.ch\/index.php\/infos-du-pharmacien\/economies\/\">moyens de r\u00e9aliser des \u00e9conomies<\/a>, les <a href=\"http:\/\/www.pharmaciedujorat.ch\/index.php\/infos-du-pharmacien\/forfaits-validations\/\">forfaits et validations<\/a> et sur la campagne <a href=\"http:\/\/www.pharmaciedujorat.ch\/index.php\/infos-du-pharmacien\/campagne-ok-pharm\/\">OK pharm<\/a>.<\/p>\n<\/div><\/div>\n","protected":false},"excerpt":{"rendered":"<p>Votre pharmacien vous donne ici quelques informations sur les g\u00e9n\u00e9riques, les moyens de r\u00e9aliser des \u00e9conomies, les forfaits et validations et sur la campagne OK pharm.<\/p>\n","protected":false},"author":1,"featured_media":0,"parent":0,"menu_order":8,"comment_status":"closed","ping_status":"closed","template":"","meta":{"footnotes":""},"class_list":["post-40","page","type-page","status-publish","hentry","entry"],"publishpress_future_action":{"enabled":false,"date":"2026-05-22 14:55:53","action":"change-status","newStatus":"draft","terms":[],"taxonomy":"","extraData":[]},"publishpress_future_workflow_manual_trigger":{"enabledWorkflows":[]},"_links":{"self":[{"href":"https:\/\/www.pharmaciedujorat.ch\/index.php\/wp-json\/wp\/v2\/pages\/40","targetHints":{"allow":["GET"]}}],"collection":[{"href":"https:\/\/www.pharmaciedujorat.ch\/index.php\/wp-json\/wp\/v2\/pages"}],"about":[{"href":"https:\/\/www.pharmaciedujorat.ch\/index.php\/wp-json\/wp\/v2\/types\/page"}],"author":[{"embeddable":true,"href":"https:\/\/www.pharmaciedujorat.ch\/index.php\/wp-json\/wp\/v2\/users\/1"}],"replies":[{"embeddable":true,"href":"https:\/\/www.pharmaciedujorat.ch\/index.php\/wp-json\/wp\/v2\/comments?post=40"}],"version-history":[{"count":6,"href":"https:\/\/www.pharmaciedujorat.ch\/index.php\/wp-json\/wp\/v2\/pages\/40\/revisions"}],"predecessor-version":[{"id":1467,"href":"https:\/\/www.pharmaciedujorat.ch\/index.php\/wp-json\/wp\/v2\/pages\/40\/revisions\/1467"}],"wp:attachment":[{"href":"https:\/\/www.pharmaciedujorat.ch\/index.php\/wp-json\/wp\/v2\/media?parent=40"}],"curies":[{"name":"wp","href":"https:\/\/api.w.org\/{rel}","templated":true}]}}