{"id":33,"date":"2015-07-29T17:05:47","date_gmt":"2015-07-29T16:05:47","guid":{"rendered":"http:\/\/www.pharmaciedujorat.ch\/wordpress\/?page_id=33"},"modified":"2022-09-13T17:21:06","modified_gmt":"2022-09-13T15:21:06","slug":"service-de-garde","status":"publish","type":"page","link":"https:\/\/www.pharmaciedujorat.ch\/index.php\/infos-pratiques\/service-de-garde\/","title":{"rendered":"Service de garde"},"content":{"rendered":"\n<h2 class=\"wp-block-heading\">Ouverture du dimanche et des jours f\u00e9ri\u00e9s :<\/h2>\n\n\n\n<p>La <a href=\"https:\/\/www.pharmacie-echallens.ch\/\">pharmacie de l&rsquo;H\u00f4tel de Ville<\/a>, \u00e0 Echallens, est ouverte tous les dimanches et jours f\u00e9ri\u00e9s de 11 heures \u00e0 midi.<\/p>\n\n\n\n<p>La <a href=\"http:\/\/pharmacie24.ch\">Pharmacie 24<\/a>, av. de Montchoisi 3, \u00e0 Lausanne est ouverte tous les jours de l&rsquo;ann\u00e9e de 8 heures \u00e0 minuit.<\/p>\n\n\n\n<p>Le <a href=\"https:\/\/garde.svph.ch\/\" target=\"_blank\" rel=\"noreferrer noopener\">site de la Soci\u00e9t\u00e9 vaudoise de pharmacie<\/a> renseigne sur les pharmacies de garde.<\/p>\n\n\n\n<h2 class=\"wp-block-heading\">En dehors de ces heures :<\/h2>\n\n\n\n<p>D\u00e8s le 1<sup>er<\/sup> janvier 2012 :<br><a href=\"https:\/\/www.urgences-sante.ch\/qui-sommes-nous\/item\/107-presentation-centrale-telephonique-des-medecins-de-garde\" target=\"_blank\" rel=\"noreferrer noopener\">centrale t\u00e9l\u00e9phonique des m\u00e9decins de garde<\/a> 0848 133 133.<\/p>\n\n\n\n<p>S&rsquo;il doit ouvrir sa pharmacie pour vous,&nbsp;le pharmacien&nbsp;vous demandera un forfait de Fr. 17.30, remboursable par votre assurance. Si vous n&rsquo;avez pas d&rsquo;ordonnance du jour, le forfait est de Fr. 50.00, \u00e0 votre charge.<\/p>\n\n\n\n<h2 class=\"wp-block-heading\">Autres num\u00e9ros d&rsquo;urgence<\/h2>\n\n\n\n<p>Consulter aussi le site d&rsquo;<a href=\"https:\/\/www.urgences-sante.ch\/\" target=\"_blank\" rel=\"noreferrer noopener\">Urgence Sant\u00e9<\/a>, en particulier pour ce qui concerne l&rsquo;\u00e9pid\u00e9mie de Coronavirus.<\/p>\n\n\n\n<figure class=\"wp-block-table is-style-stripes\"><table><tbody><tr><td>M\u00e9decins<\/td><td><a href=\"https:\/\/www.urgences-sante.ch\/qui-sommes-nous\/item\/107-presentation-centrale-telephonique-des-medecins-de-garde\" target=\"_blank\" rel=\"noreferrer noopener\">CTMG <\/a>*<\/td><td>0848 133 133<\/td><\/tr><tr><td>Dentistes<\/td><td><a href=\"https:\/\/www.urgences-sante.ch\/qui-sommes-nous\/item\/107-presentation-centrale-telephonique-des-medecins-de-garde\" target=\"_blank\" rel=\"noreferrer noopener\">CTMG <\/a>*<\/td><td>0848 133 133<\/td><\/tr><tr><td>Ambulance<\/td><td><\/td><td>144<\/td><\/tr><tr><td>H\u00e9licopt\u00e8re<\/td><td><a href=\"https:\/\/www.rega.ch\/fr\/\" target=\"_blank\" rel=\"noreferrer noopener\">Rega<\/a><\/td><td>1414<\/td><\/tr><tr><td>Empoisonnements<\/td><td><a href=\"https:\/\/www.toxinfo.ch\/startseite_fr\" target=\"_blank\" rel=\"noreferrer noopener\">Tox Info Suisse<\/a><\/td><td>145<\/td><\/tr><tr><td>Main tendue<\/td><td><\/td><td>143<\/td><\/tr><tr><td>Aide aux jeunes<\/td><td><a href=\"http:\/\/147.ch\" target=\"_blank\" rel=\"noreferrer noopener\">Pro Juventute<\/a><\/td><td>147<\/td><\/tr><tr><td>Planning familial<\/td><td><a href=\"http:\/\/www.profa.ch\/\" target=\"_blank\" rel=\"noreferrer noopener\">Profa<\/a><\/td><td>021 631 01 42<\/td><\/tr><\/tbody><\/table><figcaption>* Centrale t\u00e9l\u00e9phonique des m\u00e9decins de garde<\/figcaption><\/figure>\n","protected":false},"excerpt":{"rendered":"<p>Ouverture du dimanche et des jours f\u00e9ri\u00e9s : La pharmacie de l&rsquo;H\u00f4tel de Ville, \u00e0 Echallens, est ouverte tous les dimanches et jours f\u00e9ri\u00e9s de 11 heures \u00e0 midi. La Pharmacie 24, av. de Montchoisi 3, \u00e0 Lausanne est ouverte tous les jours de l&rsquo;ann\u00e9e de 8 heures \u00e0 minuit. Le site de la Soci\u00e9t\u00e9&hellip; <a class=\"more-link\" href=\"https:\/\/www.pharmaciedujorat.ch\/index.php\/infos-pratiques\/service-de-garde\/\">Poursuivre la lecture <span class=\"screen-reader-text\">Service de garde<\/span><\/a><\/p>\n","protected":false},"author":1,"featured_media":0,"parent":25,"menu_order":2,"comment_status":"closed","ping_status":"open","template":"","meta":{"footnotes":""},"class_list":["post-33","page","type-page","status-publish","hentry","entry"],"publishpress_future_action":{"enabled":false,"date":"2026-05-15 14:44:44","action":"change-status","newStatus":"draft","terms":[],"taxonomy":"","extraData":[]},"publishpress_future_workflow_manual_trigger":{"enabledWorkflows":[]},"_links":{"self":[{"href":"https:\/\/www.pharmaciedujorat.ch\/index.php\/wp-json\/wp\/v2\/pages\/33","targetHints":{"allow":["GET"]}}],"collection":[{"href":"https:\/\/www.pharmaciedujorat.ch\/index.php\/wp-json\/wp\/v2\/pages"}],"about":[{"href":"https:\/\/www.pharmaciedujorat.ch\/index.php\/wp-json\/wp\/v2\/types\/page"}],"author":[{"embeddable":true,"href":"https:\/\/www.pharmaciedujorat.ch\/index.php\/wp-json\/wp\/v2\/users\/1"}],"replies":[{"embeddable":true,"href":"https:\/\/www.pharmaciedujorat.ch\/index.php\/wp-json\/wp\/v2\/comments?post=33"}],"version-history":[{"count":15,"href":"https:\/\/www.pharmaciedujorat.ch\/index.php\/wp-json\/wp\/v2\/pages\/33\/revisions"}],"predecessor-version":[{"id":1418,"href":"https:\/\/www.pharmaciedujorat.ch\/index.php\/wp-json\/wp\/v2\/pages\/33\/revisions\/1418"}],"up":[{"embeddable":true,"href":"https:\/\/www.pharmaciedujorat.ch\/index.php\/wp-json\/wp\/v2\/pages\/25"}],"wp:attachment":[{"href":"https:\/\/www.pharmaciedujorat.ch\/index.php\/wp-json\/wp\/v2\/media?parent=33"}],"curies":[{"name":"wp","href":"https:\/\/api.w.org\/{rel}","templated":true}]}}