{"id":21,"date":"2015-07-29T16:57:48","date_gmt":"2015-07-29T14:57:48","guid":{"rendered":"http:\/\/www.pharmaciedujorat.ch\/wordpress\/?page_id=21"},"modified":"2024-12-18T16:48:41","modified_gmt":"2024-12-18T14:48:41","slug":"pour-commander","status":"publish","type":"page","link":"https:\/\/www.pharmaciedujorat.ch\/index.php\/livraisons\/pour-commander\/","title":{"rendered":"Pour commander"},"content":{"rendered":"\n<p>Vous pouvez utiliser notre <a title=\"Commande\" href=\"http:\/\/www.pharmaciedujorat.ch\/index.php\/infos-pratiques\/commande\/\">formulaire de commande<\/a><\/p>\n\n\n\n<p>Vous pouvez aussi scanner votre ordonnance et nous la transmettre par <a href=\"commande@pharmajorat.ch\">courriel.<\/a><\/p>\n\n\n\n<p>Notez cependant que si ce n&rsquo;est pas directement votre m\u00e9decin qui nous transmet l&rsquo;ordonnance par&nbsp;e-mail, il nous faudra dans tous les cas voir l&rsquo;original, pour des raisons l\u00e9gales.<\/p>\n\n\n\n<p>Vous pouvez enfin utiliser <a href=\"https:\/\/www.pharmaciedujorat.ch\/index.php\/infos-pratiques\/application\/\" data-type=\"page\" data-id=\"1563\">notre application<\/a> pour passer commande et nous transmettre une photo de l&rsquo;ordonnance de fa\u00e7on parfaitement s\u00e9curis\u00e9e.<\/p>\n\n\n\n<figure class=\"wp-block-image alignnone\"><a href=\"http:\/\/www.pharmaciedujorat.ch\/wp-content\/uploads\/2015\/07\/Auto-de-profil-sans-fond.png\"><img loading=\"lazy\" decoding=\"async\" width=\"300\" height=\"225\" src=\"http:\/\/www.pharmaciedujorat.ch\/wp-content\/uploads\/2015\/07\/Auto-de-profil-sans-fond-300x225.png\" alt=\"Voiture de livraison\" class=\"wp-image-138\" srcset=\"https:\/\/www.pharmaciedujorat.ch\/wp-content\/uploads\/2015\/07\/Auto-de-profil-sans-fond-300x225.png 300w, https:\/\/www.pharmaciedujorat.ch\/wp-content\/uploads\/2015\/07\/Auto-de-profil-sans-fond-1024x768.png 1024w\" sizes=\"auto, (max-width: 300px) 100vw, 300px\" \/><\/a><figcaption class=\"wp-element-caption\">En route pour vous apporter votre paquet&#8230;<\/figcaption><\/figure>\n","protected":false},"excerpt":{"rendered":"<p>Vous pouvez utiliser notre formulaire de commande Vous pouvez aussi scanner votre ordonnance et nous la transmettre par courriel. Notez cependant que si ce n&rsquo;est pas directement votre m\u00e9decin qui nous transmet l&rsquo;ordonnance par&nbsp;e-mail, il nous faudra dans tous les cas voir l&rsquo;original, pour des raisons l\u00e9gales. Vous pouvez enfin utiliser notre application pour passer&hellip; <a class=\"more-link\" href=\"https:\/\/www.pharmaciedujorat.ch\/index.php\/livraisons\/pour-commander\/\">Poursuivre la lecture <span class=\"screen-reader-text\">Pour commander<\/span><\/a><\/p>\n","protected":false},"author":1,"featured_media":0,"parent":14,"menu_order":2,"comment_status":"closed","ping_status":"closed","template":"","meta":{"footnotes":""},"class_list":["post-21","page","type-page","status-publish","hentry","entry"],"publishpress_future_action":{"enabled":false,"date":"2026-04-22 23:56:54","action":"change-status","newStatus":"draft","terms":[],"taxonomy":"","extraData":[]},"publishpress_future_workflow_manual_trigger":{"enabledWorkflows":[]},"_links":{"self":[{"href":"https:\/\/www.pharmaciedujorat.ch\/index.php\/wp-json\/wp\/v2\/pages\/21","targetHints":{"allow":["GET"]}}],"collection":[{"href":"https:\/\/www.pharmaciedujorat.ch\/index.php\/wp-json\/wp\/v2\/pages"}],"about":[{"href":"https:\/\/www.pharmaciedujorat.ch\/index.php\/wp-json\/wp\/v2\/types\/page"}],"author":[{"embeddable":true,"href":"https:\/\/www.pharmaciedujorat.ch\/index.php\/wp-json\/wp\/v2\/users\/1"}],"replies":[{"embeddable":true,"href":"https:\/\/www.pharmaciedujorat.ch\/index.php\/wp-json\/wp\/v2\/comments?post=21"}],"version-history":[{"count":12,"href":"https:\/\/www.pharmaciedujorat.ch\/index.php\/wp-json\/wp\/v2\/pages\/21\/revisions"}],"predecessor-version":[{"id":1567,"href":"https:\/\/www.pharmaciedujorat.ch\/index.php\/wp-json\/wp\/v2\/pages\/21\/revisions\/1567"}],"up":[{"embeddable":true,"href":"https:\/\/www.pharmaciedujorat.ch\/index.php\/wp-json\/wp\/v2\/pages\/14"}],"wp:attachment":[{"href":"https:\/\/www.pharmaciedujorat.ch\/index.php\/wp-json\/wp\/v2\/media?parent=21"}],"curies":[{"name":"wp","href":"https:\/\/api.w.org\/{rel}","templated":true}]}}