{"id":1563,"date":"2024-12-18T16:46:06","date_gmt":"2024-12-18T14:46:06","guid":{"rendered":"https:\/\/www.pharmaciedujorat.ch\/?page_id=1563"},"modified":"2024-12-18T16:46:53","modified_gmt":"2024-12-18T14:46:53","slug":"application","status":"publish","type":"page","link":"https:\/\/www.pharmaciedujorat.ch\/index.php\/infos-pratiques\/application\/","title":{"rendered":"Application"},"content":{"rendered":"\n<p>Notre pharmacie dispose d&rsquo;une application (WebApp) qui vous permet de passer commande de m\u00e9dicaments ou autres produits, de transmettre des ordonnances de mani\u00e8res s\u00e9curis\u00e9e ou de consulter les factures que nous envoyons par Ofac \u00e0 votre assurance-maladie.<\/p>\n\n\n\n<p>Comme il s&rsquo;agit d&rsquo;une WebApp, vous pouvez l&rsquo;installer dans votre t\u00e9l\u00e9phone ou, si vous pr\u00e9f\u00e9rez, l&rsquo;utiliser sur un ordinateur en utilisant un navigateur (Chrome, Edge, Safari, &#8230;).<\/p>\n\n\n\n<p>Vous pouvez installer plusieurs comptes sur l&rsquo;App, par exemple ceux de vos enfants.<\/p>\n\n\n\n<p>Comme l&rsquo;App vous donne acc\u00e8s \u00e0 des donn\u00e9es sensibles, vous devez nous demander de l&rsquo;activer pour votre compte. Vous recevrez, par SMS ou sur papier, un code d&rsquo;activation \u00e0 9 chiffres. Nous pouvons vous imprimer un mode d&#8217;emploi.<\/p>\n\n\n\n<p>Adresse de l&rsquo;application : <a href=\"http:\/\/mapharmacie.app\" target=\"_blank\" rel=\"noreferrer noopener\">mapharmacie.app<\/a>.<\/p>\n","protected":false},"excerpt":{"rendered":"<p>Notre pharmacie dispose d&rsquo;une application (WebApp) qui vous permet de passer commande de m\u00e9dicaments ou autres produits, de transmettre des ordonnances de mani\u00e8res s\u00e9curis\u00e9e ou de consulter les factures que nous envoyons par Ofac \u00e0 votre assurance-maladie. Comme il s&rsquo;agit d&rsquo;une WebApp, vous pouvez l&rsquo;installer dans votre t\u00e9l\u00e9phone ou, si vous pr\u00e9f\u00e9rez, l&rsquo;utiliser sur un&hellip; <a class=\"more-link\" href=\"https:\/\/www.pharmaciedujorat.ch\/index.php\/infos-pratiques\/application\/\">Poursuivre la lecture <span class=\"screen-reader-text\">Application<\/span><\/a><\/p>\n","protected":false},"author":1,"featured_media":0,"parent":25,"menu_order":3,"comment_status":"closed","ping_status":"closed","template":"","meta":{"footnotes":""},"class_list":["post-1563","page","type-page","status-publish","hentry","entry"],"publishpress_future_action":{"enabled":false,"date":"2026-05-01 07:41:14","action":"change-status","newStatus":"draft","terms":[],"taxonomy":"","extraData":[]},"publishpress_future_workflow_manual_trigger":{"enabledWorkflows":[]},"_links":{"self":[{"href":"https:\/\/www.pharmaciedujorat.ch\/index.php\/wp-json\/wp\/v2\/pages\/1563","targetHints":{"allow":["GET"]}}],"collection":[{"href":"https:\/\/www.pharmaciedujorat.ch\/index.php\/wp-json\/wp\/v2\/pages"}],"about":[{"href":"https:\/\/www.pharmaciedujorat.ch\/index.php\/wp-json\/wp\/v2\/types\/page"}],"author":[{"embeddable":true,"href":"https:\/\/www.pharmaciedujorat.ch\/index.php\/wp-json\/wp\/v2\/users\/1"}],"replies":[{"embeddable":true,"href":"https:\/\/www.pharmaciedujorat.ch\/index.php\/wp-json\/wp\/v2\/comments?post=1563"}],"version-history":[{"count":2,"href":"https:\/\/www.pharmaciedujorat.ch\/index.php\/wp-json\/wp\/v2\/pages\/1563\/revisions"}],"predecessor-version":[{"id":1565,"href":"https:\/\/www.pharmaciedujorat.ch\/index.php\/wp-json\/wp\/v2\/pages\/1563\/revisions\/1565"}],"up":[{"embeddable":true,"href":"https:\/\/www.pharmaciedujorat.ch\/index.php\/wp-json\/wp\/v2\/pages\/25"}],"wp:attachment":[{"href":"https:\/\/www.pharmaciedujorat.ch\/index.php\/wp-json\/wp\/v2\/media?parent=1563"}],"curies":[{"name":"wp","href":"https:\/\/api.w.org\/{rel}","templated":true}]}}