{"id":1401,"date":"2022-08-28T16:29:34","date_gmt":"2022-08-28T14:29:34","guid":{"rendered":"https:\/\/www.pharmaciedujorat.ch\/?page_id=1401"},"modified":"2022-08-28T16:29:34","modified_gmt":"2022-08-28T14:29:34","slug":"bon-cadeau","status":"publish","type":"page","link":"https:\/\/www.pharmaciedujorat.ch\/index.php\/infos-pratiques\/bon-cadeau\/","title":{"rendered":"Bon cadeau"},"content":{"rendered":"\n<p>Vous cherchez une id\u00e9e de cadeau ? Pourquoi pas un bon \u00e0 la pharmacie ? Nous avons tellement de produits diff\u00e9rents que le destinataire trouvera forc\u00e9ment son bonheur&#8230;<\/p>\n\n\n\n<figure class=\"wp-block-image size-large\"><a href=\"https:\/\/www.pharmaciedujorat.ch\/wp-content\/uploads\/2022\/08\/IMG_9929.jpg\"><img loading=\"lazy\" decoding=\"async\" width=\"1024\" height=\"677\" src=\"https:\/\/www.pharmaciedujorat.ch\/wp-content\/uploads\/2022\/08\/IMG_9929-1024x677.jpg\" alt=\"Carte cadeau\" class=\"wp-image-1403\" srcset=\"https:\/\/www.pharmaciedujorat.ch\/wp-content\/uploads\/2022\/08\/IMG_9929-1024x677.jpg 1024w, https:\/\/www.pharmaciedujorat.ch\/wp-content\/uploads\/2022\/08\/IMG_9929-300x198.jpg 300w, https:\/\/www.pharmaciedujorat.ch\/wp-content\/uploads\/2022\/08\/IMG_9929-768x508.jpg 768w, https:\/\/www.pharmaciedujorat.ch\/wp-content\/uploads\/2022\/08\/IMG_9929.jpg 1510w\" sizes=\"auto, (max-width: 1024px) 100vw, 1024px\" \/><\/a><\/figure>\n\n\n\n<h2 class=\"wp-block-heading\">On vous a offert une carte et vous ne connaissez pas sa valeur ?<\/h2>\n\n\n\n<p>Il vous suffit de vous <a href=\"http:\/\/www.pharmaciedujorat.ch\/shoppingcards\">rendre sur ce lien<\/a>, de saisir les 7 derniers chiffres et vous aurez la valeur de votre carte.<\/p>\n","protected":false},"excerpt":{"rendered":"<p>Vous cherchez une id\u00e9e de cadeau ? Pourquoi pas un bon \u00e0 la pharmacie ? Nous avons tellement de produits diff\u00e9rents que le destinataire trouvera forc\u00e9ment son bonheur&#8230; On vous a offert une carte et vous ne connaissez pas sa valeur ? Il vous suffit de vous rendre sur ce lien, de saisir les 7&hellip; <a class=\"more-link\" href=\"https:\/\/www.pharmaciedujorat.ch\/index.php\/infos-pratiques\/bon-cadeau\/\">Poursuivre la lecture <span class=\"screen-reader-text\">Bon cadeau<\/span><\/a><\/p>\n","protected":false},"author":1,"featured_media":0,"parent":25,"menu_order":0,"comment_status":"closed","ping_status":"closed","template":"","meta":{"footnotes":""},"class_list":["post-1401","page","type-page","status-publish","hentry","entry"],"publishpress_future_action":{"enabled":false,"date":"2026-05-16 14:47:39","action":"change-status","newStatus":"draft","terms":[],"taxonomy":"","extraData":[]},"publishpress_future_workflow_manual_trigger":{"enabledWorkflows":[]},"_links":{"self":[{"href":"https:\/\/www.pharmaciedujorat.ch\/index.php\/wp-json\/wp\/v2\/pages\/1401","targetHints":{"allow":["GET"]}}],"collection":[{"href":"https:\/\/www.pharmaciedujorat.ch\/index.php\/wp-json\/wp\/v2\/pages"}],"about":[{"href":"https:\/\/www.pharmaciedujorat.ch\/index.php\/wp-json\/wp\/v2\/types\/page"}],"author":[{"embeddable":true,"href":"https:\/\/www.pharmaciedujorat.ch\/index.php\/wp-json\/wp\/v2\/users\/1"}],"replies":[{"embeddable":true,"href":"https:\/\/www.pharmaciedujorat.ch\/index.php\/wp-json\/wp\/v2\/comments?post=1401"}],"version-history":[{"count":2,"href":"https:\/\/www.pharmaciedujorat.ch\/index.php\/wp-json\/wp\/v2\/pages\/1401\/revisions"}],"predecessor-version":[{"id":1404,"href":"https:\/\/www.pharmaciedujorat.ch\/index.php\/wp-json\/wp\/v2\/pages\/1401\/revisions\/1404"}],"up":[{"embeddable":true,"href":"https:\/\/www.pharmaciedujorat.ch\/index.php\/wp-json\/wp\/v2\/pages\/25"}],"wp:attachment":[{"href":"https:\/\/www.pharmaciedujorat.ch\/index.php\/wp-json\/wp\/v2\/media?parent=1401"}],"curies":[{"name":"wp","href":"https:\/\/api.w.org\/{rel}","templated":true}]}}