{"id":14,"date":"2015-07-29T16:54:57","date_gmt":"2015-07-29T14:54:57","guid":{"rendered":"http:\/\/www.pharmaciedujorat.ch\/wordpress\/?page_id=14"},"modified":"2025-01-01T16:55:24","modified_gmt":"2025-01-01T14:55:24","slug":"livraisons","status":"publish","type":"page","link":"https:\/\/www.pharmaciedujorat.ch\/index.php\/livraisons\/","title":{"rendered":"Livraisons"},"content":{"rendered":"\n<figure class=\"wp-block-image alignnone\"><a href=\"http:\/\/www.pharmaciedujorat.ch\/wp-content\/uploads\/2015\/07\/Auto-de-face-sans-fond.png\"><img loading=\"lazy\" decoding=\"async\" width=\"300\" height=\"225\" src=\"http:\/\/www.pharmaciedujorat.ch\/wp-content\/uploads\/2015\/07\/Auto-de-face-sans-fond-300x225.png\" alt=\"Voiture de livraison\" class=\"wp-image-135\" srcset=\"https:\/\/www.pharmaciedujorat.ch\/wp-content\/uploads\/2015\/07\/Auto-de-face-sans-fond-300x225.png 300w, https:\/\/www.pharmaciedujorat.ch\/wp-content\/uploads\/2015\/07\/Auto-de-face-sans-fond-1024x768.png 1024w\" sizes=\"auto, (max-width: 300px) 100vw, 300px\" \/><\/a><figcaption class=\"wp-element-caption\">Le sourire de notre voiture de livraison&#8230;<\/figcaption><\/figure>\n\n\n\n<p class=\"has-black-color has-text-color\">Notre livreuse ou notre livreur glissera votre paquet en fin d&rsquo;apr\u00e8s-midi ou en d\u00e9but de soir\u00e9e dans votre bo\u00eete \u00e0 lait, sans sonner, sauf s&rsquo;il s&rsquo;agit d&rsquo;un produit sensible ou d&rsquo;une livraison encombrante. Dans ce cas, il faut absolument que quelqu&rsquo;un soit pr\u00e9sent pour r\u00e9ceptionner la commande. <\/p>\n\n\n\n<p class=\"has-black-color has-text-color\">S&rsquo;il n&rsquo;est pas possible pour vous d&rsquo;aller jusqu&rsquo;\u00e0 la bo\u00eete aux lettres, merci de nous le pr\u00e9ciser. <\/p>\n\n\n\n<p>Sauf cas exceptionnels, nous ne livrons pas plus d&rsquo;une fois par semaine \u00e0 une m\u00eame personne ou adresse.<\/p>\n\n\n\n<p>Dans les <a href=\"http:\/\/www.pharmaciedujorat.ch\/index.php\/livraisons\/villages-desservis\/\">villages de la r\u00e9gion<\/a>, notre service de livraisons est \u00e0 votre disposition si vous ne pouvez pas vous d\u00e9placer.<\/p>\n\n\n\n<p><a href=\"http:\/\/www.pharmaciedujorat.ch\/index.php\/livraisons\/horaires-de-livraison\/\">Horaires de livraison<\/a><\/p>\n\n\n\n<p><a href=\"http:\/\/www.pharmaciedujorat.ch\/index.php\/livraisons\/pour-commander\/\">Pour commander <\/a><\/p>\n","protected":false},"excerpt":{"rendered":"<p>Notre livreuse ou notre livreur glissera votre paquet en fin d&rsquo;apr\u00e8s-midi ou en d\u00e9but de soir\u00e9e dans votre bo\u00eete \u00e0 lait, sans sonner, sauf s&rsquo;il s&rsquo;agit d&rsquo;un produit sensible ou d&rsquo;une livraison encombrante. Dans ce cas, il faut absolument que quelqu&rsquo;un soit pr\u00e9sent pour r\u00e9ceptionner la commande. S&rsquo;il n&rsquo;est pas possible pour vous d&rsquo;aller jusqu&rsquo;\u00e0&hellip; <a class=\"more-link\" href=\"https:\/\/www.pharmaciedujorat.ch\/index.php\/livraisons\/\">Poursuivre la lecture <span class=\"screen-reader-text\">Livraisons<\/span><\/a><\/p>\n","protected":false},"author":1,"featured_media":0,"parent":0,"menu_order":6,"comment_status":"closed","ping_status":"closed","template":"","meta":{"footnotes":""},"class_list":["post-14","page","type-page","status-publish","hentry","entry"],"publishpress_future_action":{"enabled":false,"date":"2026-04-28 14:51:19","action":"change-status","newStatus":"draft","terms":[],"taxonomy":"","extraData":[]},"publishpress_future_workflow_manual_trigger":{"enabledWorkflows":[]},"_links":{"self":[{"href":"https:\/\/www.pharmaciedujorat.ch\/index.php\/wp-json\/wp\/v2\/pages\/14","targetHints":{"allow":["GET"]}}],"collection":[{"href":"https:\/\/www.pharmaciedujorat.ch\/index.php\/wp-json\/wp\/v2\/pages"}],"about":[{"href":"https:\/\/www.pharmaciedujorat.ch\/index.php\/wp-json\/wp\/v2\/types\/page"}],"author":[{"embeddable":true,"href":"https:\/\/www.pharmaciedujorat.ch\/index.php\/wp-json\/wp\/v2\/users\/1"}],"replies":[{"embeddable":true,"href":"https:\/\/www.pharmaciedujorat.ch\/index.php\/wp-json\/wp\/v2\/comments?post=14"}],"version-history":[{"count":11,"href":"https:\/\/www.pharmaciedujorat.ch\/index.php\/wp-json\/wp\/v2\/pages\/14\/revisions"}],"predecessor-version":[{"id":1591,"href":"https:\/\/www.pharmaciedujorat.ch\/index.php\/wp-json\/wp\/v2\/pages\/14\/revisions\/1591"}],"wp:attachment":[{"href":"https:\/\/www.pharmaciedujorat.ch\/index.php\/wp-json\/wp\/v2\/media?parent=14"}],"curies":[{"name":"wp","href":"https:\/\/api.w.org\/{rel}","templated":true}]}}