{"id":11,"date":"2015-07-29T16:47:43","date_gmt":"2015-07-29T15:47:43","guid":{"rendered":"http:\/\/www.pharmaciedujorat.ch\/wordpress\/?page_id=11"},"modified":"2025-12-23T11:49:00","modified_gmt":"2025-12-23T09:49:00","slug":"centre-medical","status":"publish","type":"page","link":"https:\/\/www.pharmaciedujorat.ch\/index.php\/accueil\/centre-medical\/","title":{"rendered":"Centre m\u00e9dical"},"content":{"rendered":"\n<figure class=\"wp-block-image size-large is-resized\"><img loading=\"lazy\" decoding=\"async\" width=\"1024\" height=\"692\" src=\"http:\/\/www.pharmaciedujorat.ch\/wp-content\/uploads\/2015\/07\/Logo-Centre-m\u00e9dical-1024x692.png\" alt=\"Logo Centre m\u00e9dical\" class=\"wp-image-144\" style=\"width:319px;height:215px\" srcset=\"https:\/\/www.pharmaciedujorat.ch\/wp-content\/uploads\/2015\/07\/Logo-Centre-m\u00e9dical-1024x692.png 1024w, https:\/\/www.pharmaciedujorat.ch\/wp-content\/uploads\/2015\/07\/Logo-Centre-m\u00e9dical-300x203.png 300w\" sizes=\"auto, (max-width: 1024px) 100vw, 1024px\" \/><figcaption class=\"wp-element-caption\">Logo du Centre m\u00e9dical depuis juin 2015<\/figcaption><\/figure>\n\n\n\n<p>Profitez de la synergie offerte par le <em>Centre m\u00e9dical du Jorat<\/em>. Vous trouvez au m\u00eame endroit :<\/p>\n\n\n\n<ul class=\"wp-block-list\">\n<li>La pharmacie<\/li>\n\n\n\n<li>Trois cabinets m\u00e9dicaux : 6 m\u00e9decins de famille, 3 p\u00e9diatres, 1 psychiatre<\/li>\n\n\n\n<li>Un institut de physioth\u00e9rapie<\/li>\n\n\n\n<li>Un cabinet dentaire<\/li>\n<\/ul>\n\n\n\n<p>Vous pouvez ainsi, sans reprendre votre voiture, b\u00e9n\u00e9ficier de tous ces soins m\u00e9dicaux.<\/p>\n\n\n\n<figure class=\"wp-block-image alignnone\"><a href=\"http:\/\/www.pharmaciedujorat.ch\/wp-content\/uploads\/2015\/07\/pharma_010.jpg\"><img loading=\"lazy\" decoding=\"async\" width=\"300\" height=\"225\" src=\"http:\/\/www.pharmaciedujorat.ch\/wp-content\/uploads\/2015\/07\/pharma_010-300x225.jpg\" alt=\"Centre m\u00e9dical du Jorat\" class=\"wp-image-12\" srcset=\"https:\/\/www.pharmaciedujorat.ch\/wp-content\/uploads\/2015\/07\/pharma_010-300x225.jpg 300w, https:\/\/www.pharmaciedujorat.ch\/wp-content\/uploads\/2015\/07\/pharma_010.jpg 640w\" sizes=\"auto, (max-width: 300px) 100vw, 300px\" \/><\/a><figcaption class=\"wp-element-caption\">Centre m\u00e9dical du Jorat<\/figcaption><\/figure>\n\n\n\n<p>Une grande place de parc est d&rsquo;ailleurs \u00e0 votre disposition.<\/p>\n","protected":false},"excerpt":{"rendered":"<p>Profitez de la synergie offerte par le Centre m\u00e9dical du Jorat. Vous trouvez au m\u00eame endroit : Vous pouvez ainsi, sans reprendre votre voiture, b\u00e9n\u00e9ficier de tous ces soins m\u00e9dicaux. Une grande place de parc est d&rsquo;ailleurs \u00e0 votre disposition.<\/p>\n","protected":false},"author":1,"featured_media":0,"parent":7,"menu_order":0,"comment_status":"closed","ping_status":"open","template":"","meta":{"footnotes":""},"class_list":["post-11","page","type-page","status-publish","hentry","entry"],"publishpress_future_action":{"enabled":false,"date":"2026-04-28 14:45:35","action":"change-status","newStatus":"draft","terms":[],"taxonomy":"","extraData":[]},"publishpress_future_workflow_manual_trigger":{"enabledWorkflows":[]},"_links":{"self":[{"href":"https:\/\/www.pharmaciedujorat.ch\/index.php\/wp-json\/wp\/v2\/pages\/11","targetHints":{"allow":["GET"]}}],"collection":[{"href":"https:\/\/www.pharmaciedujorat.ch\/index.php\/wp-json\/wp\/v2\/pages"}],"about":[{"href":"https:\/\/www.pharmaciedujorat.ch\/index.php\/wp-json\/wp\/v2\/types\/page"}],"author":[{"embeddable":true,"href":"https:\/\/www.pharmaciedujorat.ch\/index.php\/wp-json\/wp\/v2\/users\/1"}],"replies":[{"embeddable":true,"href":"https:\/\/www.pharmaciedujorat.ch\/index.php\/wp-json\/wp\/v2\/comments?post=11"}],"version-history":[{"count":10,"href":"https:\/\/www.pharmaciedujorat.ch\/index.php\/wp-json\/wp\/v2\/pages\/11\/revisions"}],"predecessor-version":[{"id":1666,"href":"https:\/\/www.pharmaciedujorat.ch\/index.php\/wp-json\/wp\/v2\/pages\/11\/revisions\/1666"}],"up":[{"embeddable":true,"href":"https:\/\/www.pharmaciedujorat.ch\/index.php\/wp-json\/wp\/v2\/pages\/7"}],"wp:attachment":[{"href":"https:\/\/www.pharmaciedujorat.ch\/index.php\/wp-json\/wp\/v2\/media?parent=11"}],"curies":[{"name":"wp","href":"https:\/\/api.w.org\/{rel}","templated":true}]}}